{"id":2,"date":"2013-11-06T11:55:36","date_gmt":"2013-11-06T11:55:36","guid":{"rendered":"https:\/\/documentum.space\/blog\/?page_id=2"},"modified":"2025-11-17T20:03:50","modified_gmt":"2025-11-18T01:03:50","slug":"pagina-ejemplo","status":"publish","type":"page","link":"https:\/\/documentum.space\/blog\/?page_id=2","title":{"rendered":"Sobre la autora"},"content":{"rendered":"<div class=\"wp-block-image\">\n<figure class=\"alignleft size-full\"><a href=\"https:\/\/documentum.space\/blog\/wp-content\/uploads\/2023\/02\/1662587201673.jpg\"><img loading=\"lazy\" decoding=\"async\" width=\"150\" height=\"150\" src=\"https:\/\/documentum.space\/blog\/wp-content\/uploads\/2023\/02\/1662587201673.jpg\" alt=\"\" class=\"wp-image-89\"\/><\/a><\/figure>\n<\/div>\n\n\n<p><strong><em>RESUMEN CURRICULAR<\/em><\/strong><\/p>\n\n\n\n<p>Licenciada en Informaci\u00f3n y Documentaci\u00f3n, y abogado, con maestr\u00eda en Gesti\u00f3n Documental y Administraci\u00f3n de Archivos y maestr\u00eda en Gerencia de las Finanzas y de los Negocios.<br>Con diplomados en Gesti\u00f3n de Documentos Electr\u00f3nicos de Archivos, en Gesti\u00f3n Documental y Administraci\u00f3n de Archivos, y en Gesti\u00f3n P\u00fablica.<\/p>\n\n\n\n<p>Adem\u00e1s, con especializaci\u00f3n de Componente Docente, para docencia universitaria.<br>Como profesional en archivos, con experiencia en la elaboraci\u00f3n del Programa de Control de Documentos Archiv\u00edsticos, y comprometida con la implementaci\u00f3n del Gobierno Digital en las entidades p\u00fablicas a trav\u00e9s del desarrollo de una metodolog\u00eda para conciliar las disciplinas archiv\u00edstica e inform\u00e1tica y de la elaboraci\u00f3n de los instrumentos t\u00e9cnicos archiv\u00edsticos necesarios para la adecuaci\u00f3n de la gesti\u00f3n documental conforme lo precisa el Decreto Supremo N\u00b0 029-2021-PCM, que aprueba el Reglamento del Decreto Legislativo N\u00b0 1412, Ley de Gobierno Digital.<\/p>\n\n\n\n<p>Enfocada en demostrar que en los archivos p\u00fablicos s\u00ed es posible transformar los fr\u00edos n\u00fameros que exige el POI, en informaci\u00f3n \u00fatil para la gesti\u00f3n de los archivos de manera eficiente reduciendo tiempos de servicio, con evidencias como lo requiere la ciencia archiv\u00edstica, y a su vez, insumo para los proyectos de datos abiertos, implementando de manera creativa, la Gesti\u00f3n del Rendimiento que conforma uno de los siete subsistemas del Sistema Administrativo de Recursos Humanos en el Per\u00fa.<\/p>\n\n\n\n<p>Entre las entidades p\u00fablicas en los cuales he prestado servicios en materia de Gesti\u00f3n Documental y archivos se encuentran: Ministerio de la Producci\u00f3n (PRODUCE), Inn\u00f3vate Per\u00fa, Instituto Nacional de Radio y Televisi\u00f3n del Per\u00fa (IRTP), Chemonics, Programa Nacional de Telecomunicaciones (Pronatel), y Archivo General de la Naci\u00f3n del Per\u00fa (AGN).<\/p>\n\n\n\n<p>Directora del Sistema de Bibliotecas de la Universidad Cat\u00f3lica Sedes Sapientiae (UCSS), colegiada y habilitada por el Colegio de Bibliotec\u00f3logos del Per\u00fa N\u00b0 576.<\/p>\n\n\n\n<p>Brindo capacitaci\u00f3n y asesoramiento para la gesti\u00f3n de archivos y gesti\u00f3n documental a trav\u00e9s de Documentum Eirl, cuyos servicios espec\u00edficos pueden consultarse en <a href=\"https:\/\/www.documentum.space\">https:\/\/www.documentum.space<\/a><\/p>\n\n\n\n<p><strong><em>PUBLICACIONES Y TRABAJOS DE GRADO<\/em><\/strong><\/p>\n\n\n\n<p><sup>7.<\/sup> <strong>Tipos documentales y el procedimiento administrativo general para la gesti\u00f3n documental en el gobierno digital.<\/strong>\u00a0Revista del Archivo General de la Naci\u00f3n,\u00a039(2), 49-74. Esta publicaci\u00f3n puedes consultarla en:\u00a0<a href=\"https:\/\/doi.org\/10.37840\/ragn.v39i2.173\">https:\/\/doi.org\/10.37840\/ragn.v39i2.173<\/a><\/p>\n\n\n\n<p><sup>6. <\/sup><strong>Inteligencia Artificial y gesti\u00f3n documental en la gesti\u00f3n p\u00fablica. Caso: Per\u00fa<\/strong>. Universidad de La Salle. Ediciones Unisalle. Revista de la Universidad de La Salle. N\u00fam. 92 (2023). Esta publicaci\u00f3n puedes consultarla en:  <a href=\"https:\/\/doi.org\/10.19052\/ruls.vol1.iss92.7\" target=\"_blank\" rel=\"noreferrer noopener\">https:\/\/doi.org\/10.19052\/ruls.vol1.iss92.7<\/a><\/p>\n\n\n\n<p><sup>5. <\/sup><strong>La Valoraci\u00f3n Documental: Indispensable para el Desarrollo de Sistemas de Gesti\u00f3n Documental en el marco del Gobierno Digital en el Per\u00fa.<\/strong>&nbsp;<strong>Caso: Lima.<\/strong><br>Ciencia Latina, Revista Multidisciplinar. Vol. 7 N\u00fam. 1 (2023). Esta publicaci\u00f3n puedes consultarla en:<br>DOI: <a href=\"https:\/\/doi.org\/10.37811\/cl_rcm.v7i1.4593\" target=\"_blank\" rel=\"noreferrer noopener\">https:\/\/doi.org\/10.37811\/cl_rcm.v7i1.4593<\/a><\/p>\n\n\n\n<p><sup>4. <\/sup><strong>El servicio civil como espacio de libertad ontol\u00f3gica.<\/strong><br>Saber Servir. Revista de la Escuela Nacional de Administraci\u00f3n P\u00fablica. N\u00fam. 7 (2022). Esta publicaci\u00f3n puedes consultarla en:<br><a href=\"http:\/\/revista.enap.edu.pe\/article\/view\/4845\" target=\"_blank\" rel=\"noreferrer noopener\">http:\/\/revista.enap.edu.pe\/article\/view\/4845<\/a><\/p>\n\n\n\n<p><sup>3. <\/sup><strong>Lineamientos para la descripci\u00f3n documental en el marco del gobierno digital en el Per\u00fa.<\/strong><br>Universidad La Salle, Escuela de Humanidades y Estudios Sociales, CO. Trabajo de Grado para optar a Mag\u00edster en Gesti\u00f3n Documental y Administraci\u00f3n de Archivos.<br>Esta publicaci\u00f3n puedes consultarla en:<a style=\"pointer-events: none;\" href=\"https:\/\/ciencia.lasalle.edu.co\/maest_gestion_documental\/71\/\"> <\/a><a href=\"https:\/\/ciencia.lasalle.edu.co\/maest_gestion_documental\/71\/\" target=\"_blank\" rel=\"noreferrer noopener\">https:\/\/ciencia.lasalle.edu.co\/maest_gestion_documental\/71\/<\/a><\/p>\n\n\n\n<p><sup>2. <\/sup><strong>An\u00e1lisis sobre las condiciones ambientales en la industria minera de acuerdo a las legislaciones venezolana y peruana.<\/strong><br>Universidad Yacamb\u00fa, Facultad de Ciencias Jur\u00eddicas y Pol\u00edticas.<br>Trabajo de Grado para optar al t\u00edtulo de Abogado.<br><a href=\"https:\/\/biblioteca.uny.edu.ve\/Bonline\/TG\/TG_CJP_4664.pdf\" target=\"_blank\" rel=\"noreferrer noopener\">https:\/\/biblioteca.uny.edu.ve\/Bonline\/TG\/TG_CJP_4664.pdf<\/a><\/p>\n\n\n\n<p><sup>1. <\/sup><strong>Sistema de gesti\u00f3n documental topogr\u00e1fico de acceso remoto libre dirigido al p\u00fablico venezolano.<\/strong><br>Universidad Yacamb\u00fa, Instituto de Investigaci\u00f3n y Postgrado.<br>Trabajo de Grado para optar a Mag\u00edster en Gerencia de las Finanzas y de los Negocios.<br><a rel=\"noreferrer noopener\" href=\"https:\/\/biblioteca.uny.edu.ve\/Bonline\/TG\/TGM_MFN_169.pdf\" target=\"_blank\">https:\/\/biblioteca.uny.edu.ve\/Bonline\/TG\/TGM_MFN_169.pdf<\/a><\/p>\n\n\n\n<p><strong><em>CONTACTO<\/em><\/strong><\/p>\n\n\n\n<p><a style=\"pointer-events: none;\" href=\"mailto:mevo@documentum.space\">mevo@documentum.space<\/a><\/p>\n","protected":false},"excerpt":{"rendered":"<p>RESUMEN CURRICULAR Licenciada en Informaci\u00f3n y Documentaci\u00f3n, y abogado, con maestr\u00eda en Gesti\u00f3n Documental y Administraci\u00f3n de Archivos y maestr\u00eda en Gerencia de las Finanzas y de los Negocios.Con diplomados en Gesti\u00f3n de Documentos Electr\u00f3nicos de Archivos, en Gesti\u00f3n Documental y Administraci\u00f3n de Archivos, y en Gesti\u00f3n P\u00fablica. Adem\u00e1s, con especializaci\u00f3n de Componente Docente, para &hellip; <a href=\"https:\/\/documentum.space\/blog\/?page_id=2\" class=\"more-link\">Sigue leyendo <span class=\"screen-reader-text\">Sobre la autora<\/span><\/a><\/p>\n","protected":false},"author":2,"featured_media":0,"parent":0,"menu_order":0,"comment_status":"open","ping_status":"open","template":"","meta":{"footnotes":""},"class_list":["post-2","page","type-page","status-publish","hentry"],"_links":{"self":[{"href":"https:\/\/documentum.space\/blog\/index.php?rest_route=\/wp\/v2\/pages\/2","targetHints":{"allow":["GET"]}}],"collection":[{"href":"https:\/\/documentum.space\/blog\/index.php?rest_route=\/wp\/v2\/pages"}],"about":[{"href":"https:\/\/documentum.space\/blog\/index.php?rest_route=\/wp\/v2\/types\/page"}],"author":[{"embeddable":true,"href":"https:\/\/documentum.space\/blog\/index.php?rest_route=\/wp\/v2\/users\/2"}],"replies":[{"embeddable":true,"href":"https:\/\/documentum.space\/blog\/index.php?rest_route=%2Fwp%2Fv2%2Fcomments&post=2"}],"version-history":[{"count":16,"href":"https:\/\/documentum.space\/blog\/index.php?rest_route=\/wp\/v2\/pages\/2\/revisions"}],"predecessor-version":[{"id":1182,"href":"https:\/\/documentum.space\/blog\/index.php?rest_route=\/wp\/v2\/pages\/2\/revisions\/1182"}],"wp:attachment":[{"href":"https:\/\/documentum.space\/blog\/index.php?rest_route=%2Fwp%2Fv2%2Fmedia&parent=2"}],"curies":[{"name":"wp","href":"https:\/\/api.w.org\/{rel}","templated":true}]}}